{"id":1698,"date":"2021-03-22T16:46:06","date_gmt":"2021-03-22T22:46:06","guid":{"rendered":"https:\/\/integrabcg.com\/sap\/?page_id=1698"},"modified":"2023-06-26T09:04:11","modified_gmt":"2023-06-26T15:04:11","slug":"casos-de-exito-integra-sap-business","status":"publish","type":"page","link":"https:\/\/integrabcg.com\/sap\/casos-de-exito-integra-sap-business\/","title":{"rendered":"Casos de \u00c9xito"},"content":{"rendered":"\t\t<div data-elementor-type=\"wp-page\" data-elementor-id=\"1698\" class=\"elementor elementor-1698\" data-elementor-settings=\"{&quot;ha_cmc_init_switcher&quot;:&quot;no&quot;}\" data-elementor-post-type=\"page\">\n\t\t\t\t\t\t<section class=\"elementor-section elementor-top-section elementor-element elementor-element-b22d72c elementor-section-boxed elementor-section-height-default elementor-section-height-default\" data-id=\"b22d72c\" data-element_type=\"section\" data-settings=\"{&quot;_ha_eqh_enable&quot;:false}\">\n\t\t\t\t\t\t<div class=\"elementor-container elementor-column-gap-default\">\n\t\t\t\t\t<div class=\"elementor-column elementor-col-100 elementor-top-column elementor-element elementor-element-ae3b014\" data-id=\"ae3b014\" data-element_type=\"column\">\n\t\t\t<div class=\"elementor-widget-wrap elementor-element-populated\">\n\t\t\t\t\t\t<div class=\"elementor-element elementor-element-072d7ff premium-blog-align-left elementor-widget elementor-widget-premium-addon-blog\" data-id=\"072d7ff\" data-element_type=\"widget\" data-settings=\"{&quot;premium_blog_grid&quot;:&quot;yes&quot;,&quot;premium_blog_layout&quot;:&quot;even&quot;,&quot;premium_blog_columns_number&quot;:&quot;50%&quot;,&quot;premium_blog_columns_number_tablet&quot;:&quot;50%&quot;,&quot;premium_blog_columns_number_mobile&quot;:&quot;100%&quot;,&quot;scroll_to_offset&quot;:&quot;yes&quot;}\" data-widget_type=\"premium-addon-blog.default\">\n\t\t\t\t<div class=\"elementor-widget-container\">\n\t\t\t\t\t\n\t\t\t\t<div class=\"premium-blog-wrap  premium-blog-even\" data-page=\"1698\" data-pagination=\"true\">\n\t\t\t\t\t<div class=\"premium-blog-post-outer-container\" data-total=\"2\">\n\t\t\t<div class=\"premium-blog-post-container premium-blog-skin-classic\">\n\t\t\t\t\t\t\t\t\t<div class=\"premium-blog-thumb-effect-wrapper\">\n\t\t\t\t\t\t<div class=\"premium-blog-thumbnail-container premium-blog-zoomin-effect\">\n\t\t\t\t\t\t\t<img fetchpriority=\"high\" decoding=\"async\" width=\"1920\" height=\"818\" src=\"https:\/\/integrabcg.com\/sap\/wp-content\/uploads\/2022\/02\/IDC_11_.jpg\" class=\"attachment-full size-full wp-image-2546\" alt=\"IDC INTEGRA SAP B1\" srcset=\"https:\/\/integrabcg.com\/sap\/wp-content\/uploads\/2022\/02\/IDC_11_.jpg 1920w, https:\/\/integrabcg.com\/sap\/wp-content\/uploads\/2022\/02\/IDC_11_-300x128.jpg 300w, https:\/\/integrabcg.com\/sap\/wp-content\/uploads\/2022\/02\/IDC_11_-1024x436.jpg 1024w, https:\/\/integrabcg.com\/sap\/wp-content\/uploads\/2022\/02\/IDC_11_-768x327.jpg 768w, https:\/\/integrabcg.com\/sap\/wp-content\/uploads\/2022\/02\/IDC_11_-1536x654.jpg 1536w\" sizes=\"(max-width: 1920px) 100vw, 1920px\" \/>\t\t\t\t\t\t<\/div>\n\t\t\t\t\t\t\t\t\t\t\t\t\t<div class=\"premium-blog-thumbnail-overlay\">\n\t\t\t\t\t\t\t\t<a class=\"elementor-icon\" href=\"https:\/\/integrabcg.com\/sap\/caso-de-exito-grupo-idc\/\" target=\"_self\"><\/a>\n\t\t\t\t\t\t\t<\/div>\n\n\t\t\t\t\t\t\t\t\t\t\t\t\t\t\t\t\t\t<\/div>\n\t\t\t\t\t\t\t\t\t\t\t\t<div class=\"premium-blog-content-wrapper \">\n\n\t\t\t\t\t<div class=\"premium-blog-inner-container\">\n\n\t\t\t\t\t\t\t\t\t\t\t\t\t\t<h2 class=\"premium-blog-entry-title\">\n\t\t\t<a href=\"https:\/\/integrabcg.com\/sap\/caso-de-exito-grupo-idc\/\" target=\"_self\">\n\t\t\t\tCaso de \u00c9xito Grupo IDC\t\t\t<\/a>\n\t\t<\/h2>\n\t\t\t\t<div class=\"premium-blog-entry-meta\">\n\t\t\t\n\t\t\t\n\t\t\t\n\t\t\t\t\t<\/div>\n\t\t\n\t\t\t\t\t<\/div>\n\n\t\t\t\t\t\t\t<div class=\"premium-blog-content-inner-wrapper\">\n\t\t<p class=\"premium-blog-post-content\">Descubra como Grupo IDC implement\u00f3 los mejores sistemas para llevar todo bajo control, de una manera inteligente y asertiva de<\/p><div class=\"premium-blog-excerpt-link-wrap\"><a href=\"https:\/\/integrabcg.com\/sap\/caso-de-exito-grupo-idc\/\" target=\"_self\" class=\"premium-blog-excerpt-link elementor-button\">Ver m\u00e1s \u00bb<\/a><\/div>\t\t<\/div>\n\t\t\t\t\t\t\t\n\t\t\t\t<\/div>\n\t\t\t<\/div>\n\t\t<\/div>\n\n\t\t\t\t<div class=\"premium-blog-post-outer-container\" data-total=\"2\">\n\t\t\t<div class=\"premium-blog-post-container premium-blog-skin-classic\">\n\t\t\t\t\t\t\t\t\t<div class=\"premium-blog-thumb-effect-wrapper\">\n\t\t\t\t\t\t<div class=\"premium-blog-thumbnail-container premium-blog-zoomin-effect\">\n\t\t\t\t\t\t\t<img decoding=\"async\" width=\"1904\" height=\"810\" src=\"https:\/\/integrabcg.com\/sap\/wp-content\/uploads\/2022\/01\/11_.jpg\" class=\"attachment-full size-full wp-image-2538\" alt=\"Philip Wilson\" srcset=\"https:\/\/integrabcg.com\/sap\/wp-content\/uploads\/2022\/01\/11_.jpg 1904w, https:\/\/integrabcg.com\/sap\/wp-content\/uploads\/2022\/01\/11_-300x128.jpg 300w, https:\/\/integrabcg.com\/sap\/wp-content\/uploads\/2022\/01\/11_-1024x436.jpg 1024w, https:\/\/integrabcg.com\/sap\/wp-content\/uploads\/2022\/01\/11_-768x327.jpg 768w, https:\/\/integrabcg.com\/sap\/wp-content\/uploads\/2022\/01\/11_-1536x653.jpg 1536w\" sizes=\"(max-width: 1904px) 100vw, 1904px\" \/>\t\t\t\t\t\t<\/div>\n\t\t\t\t\t\t\t\t\t\t\t\t\t<div class=\"premium-blog-thumbnail-overlay\">\n\t\t\t\t\t\t\t\t<a class=\"elementor-icon\" href=\"https:\/\/integrabcg.com\/sap\/caso-de-exito-ecofiltro\/\" target=\"_self\"><\/a>\n\t\t\t\t\t\t\t<\/div>\n\n\t\t\t\t\t\t\t\t\t\t\t\t\t\t\t\t\t\t<\/div>\n\t\t\t\t\t\t\t\t\t\t\t\t<div class=\"premium-blog-content-wrapper \">\n\n\t\t\t\t\t<div class=\"premium-blog-inner-container\">\n\n\t\t\t\t\t\t\t\t\t\t\t\t\t\t<h2 class=\"premium-blog-entry-title\">\n\t\t\t<a href=\"https:\/\/integrabcg.com\/sap\/caso-de-exito-ecofiltro\/\" target=\"_self\">\n\t\t\t\tCaso de \u00c9xito Ecofiltro\t\t\t<\/a>\n\t\t<\/h2>\n\t\t\t\t<div class=\"premium-blog-entry-meta\">\n\t\t\t\n\t\t\t\n\t\t\t\n\t\t\t\t\t<\/div>\n\t\t\n\t\t\t\t\t<\/div>\n\n\t\t\t\t\t\t\t<div class=\"premium-blog-content-inner-wrapper\">\n\t\t<p class=\"premium-blog-post-content\">Descubre c\u00f3mo Integra ha ayudado a clientes a maximizar el potencial de la tecnolog\u00eda en sus procesos de negocio. Ecofiltro<\/p><div class=\"premium-blog-excerpt-link-wrap\"><a href=\"https:\/\/integrabcg.com\/sap\/caso-de-exito-ecofiltro\/\" target=\"_self\" class=\"premium-blog-excerpt-link elementor-button\">Ver m\u00e1s \u00bb<\/a><\/div>\t\t<\/div>\n\t\t\t\t\t\t\t\n\t\t\t\t<\/div>\n\t\t\t<\/div>\n\t\t<\/div>\n\n\t\t\t\t<div class=\"premium-blog-post-outer-container\" data-total=\"2\">\n\t\t\t<div class=\"premium-blog-post-container premium-blog-skin-classic\">\n\t\t\t\t\t\t\t\t\t<div class=\"premium-blog-thumb-effect-wrapper\">\n\t\t\t\t\t\t<div class=\"premium-blog-thumbnail-container premium-blog-zoomin-effect\">\n\t\t\t\t\t\t\t<img decoding=\"async\" width=\"1280\" height=\"664\" src=\"https:\/\/integrabcg.com\/sap\/wp-content\/uploads\/2021\/07\/WhatsApp-Image-2021-07-01-at-4.39.52-PM.jpeg\" class=\"attachment-full size-full wp-image-2200\" alt=\"\" srcset=\"https:\/\/integrabcg.com\/sap\/wp-content\/uploads\/2021\/07\/WhatsApp-Image-2021-07-01-at-4.39.52-PM.jpeg 1280w, https:\/\/integrabcg.com\/sap\/wp-content\/uploads\/2021\/07\/WhatsApp-Image-2021-07-01-at-4.39.52-PM-300x156.jpeg 300w, https:\/\/integrabcg.com\/sap\/wp-content\/uploads\/2021\/07\/WhatsApp-Image-2021-07-01-at-4.39.52-PM-1024x531.jpeg 1024w, https:\/\/integrabcg.com\/sap\/wp-content\/uploads\/2021\/07\/WhatsApp-Image-2021-07-01-at-4.39.52-PM-768x398.jpeg 768w\" sizes=\"(max-width: 1280px) 100vw, 1280px\" \/>\t\t\t\t\t\t<\/div>\n\t\t\t\t\t\t\t\t\t\t\t\t\t<div class=\"premium-blog-thumbnail-overlay\">\n\t\t\t\t\t\t\t\t<a class=\"elementor-icon\" href=\"https:\/\/integrabcg.com\/sap\/caso-de-exito-casa-santo-domingo\/\" target=\"_self\"><\/a>\n\t\t\t\t\t\t\t<\/div>\n\n\t\t\t\t\t\t\t\t\t\t\t\t\t\t\t\t\t\t<\/div>\n\t\t\t\t\t\t\t\t\t\t\t\t<div class=\"premium-blog-content-wrapper \">\n\n\t\t\t\t\t<div class=\"premium-blog-inner-container\">\n\n\t\t\t\t\t\t\t\t\t\t\t\t\t\t<h2 class=\"premium-blog-entry-title\">\n\t\t\t<a href=\"https:\/\/integrabcg.com\/sap\/caso-de-exito-casa-santo-domingo\/\" target=\"_self\">\n\t\t\t\tCaso de \u00c9xito Casa Santo Domingo\t\t\t<\/a>\n\t\t<\/h2>\n\t\t\t\t<div class=\"premium-blog-entry-meta\">\n\t\t\t\n\t\t\t\n\t\t\t\n\t\t\t\t\t<\/div>\n\t\t\n\t\t\t\t\t<\/div>\n\n\t\t\t\t\t\t\t<div class=\"premium-blog-content-inner-wrapper\">\n\t\t<p class=\"premium-blog-post-content\">Descubre c\u00f3mo Integra ha ayudado a clientes a maximizar el potencial de la tecnolog\u00eda en sus procesos de negocio. Casa<\/p><div class=\"premium-blog-excerpt-link-wrap\"><a href=\"https:\/\/integrabcg.com\/sap\/caso-de-exito-casa-santo-domingo\/\" target=\"_self\" class=\"premium-blog-excerpt-link elementor-button\">Ver m\u00e1s \u00bb<\/a><\/div>\t\t<\/div>\n\t\t\t\t\t\t\t\n\t\t\t\t<\/div>\n\t\t\t<\/div>\n\t\t<\/div>\n\n\t\t\t\t<div class=\"premium-blog-post-outer-container\" data-total=\"2\">\n\t\t\t<div class=\"premium-blog-post-container premium-blog-skin-classic\">\n\t\t\t\t\t\t\t\t\t<div class=\"premium-blog-thumb-effect-wrapper\">\n\t\t\t\t\t\t<div class=\"premium-blog-thumbnail-container premium-blog-zoomin-effect\">\n\t\t\t\t\t\t\t<img decoding=\"async\" src=\"https:\/\/integrabcg.com\/sap\/wp-content\/uploads\/2020\/10\/INDEX.png\" class=\"attachment-full size-full wp-image-519\" alt=\"\" \/>\t\t\t\t\t\t<\/div>\n\t\t\t\t\t\t\t\t\t\t\t\t\t<div class=\"premium-blog-thumbnail-overlay\">\n\t\t\t\t\t\t\t\t<a class=\"elementor-icon\" href=\"https:\/\/integrabcg.com\/sap\/index\/\" target=\"_self\"><\/a>\n\t\t\t\t\t\t\t<\/div>\n\n\t\t\t\t\t\t\t\t\t\t\t\t\t\t\t\t\t\t<\/div>\n\t\t\t\t\t\t\t\t\t\t\t\t<div class=\"premium-blog-content-wrapper \">\n\n\t\t\t\t\t<div class=\"premium-blog-inner-container\">\n\n\t\t\t\t\t\t\t\t\t\t\t\t\t\t<h2 class=\"premium-blog-entry-title\">\n\t\t\t<a href=\"https:\/\/integrabcg.com\/sap\/index\/\" target=\"_self\">\n\t\t\t\tINDEX\t\t\t<\/a>\n\t\t<\/h2>\n\t\t\t\t<div class=\"premium-blog-entry-meta\">\n\t\t\t\n\t\t\t\n\t\t\t\n\t\t\t\t\t<\/div>\n\t\t\n\t\t\t\t\t<\/div>\n\n\t\t\t\t\t\t\t<div class=\"premium-blog-content-inner-wrapper\">\n\t\t<p class=\"premium-blog-post-content\">Empresa dedicada a la prestaci\u00f3n de servicios para gestiones de aduana a nivel nacional. Se han especializado en lo que<\/p><div class=\"premium-blog-excerpt-link-wrap\"><a href=\"https:\/\/integrabcg.com\/sap\/index\/\" target=\"_self\" class=\"premium-blog-excerpt-link elementor-button\">Ver m\u00e1s \u00bb<\/a><\/div>\t\t<\/div>\n\t\t\t\t\t\t\t\n\t\t\t\t<\/div>\n\t\t\t<\/div>\n\t\t<\/div>\n\n\t\t\t\t<div class=\"premium-blog-post-outer-container\" data-total=\"2\">\n\t\t\t<div class=\"premium-blog-post-container premium-blog-skin-classic\">\n\t\t\t\t\t\t\t\t\t<div class=\"premium-blog-thumb-effect-wrapper\">\n\t\t\t\t\t\t<div class=\"premium-blog-thumbnail-container premium-blog-zoomin-effect\">\n\t\t\t\t\t\t\t<img decoding=\"async\" src=\"https:\/\/integrabcg.com\/sap\/wp-content\/uploads\/2020\/10\/comabsa.png\" class=\"attachment-full size-full wp-image-536\" alt=\"\" \/>\t\t\t\t\t\t<\/div>\n\t\t\t\t\t\t\t\t\t\t\t\t\t<div class=\"premium-blog-thumbnail-overlay\">\n\t\t\t\t\t\t\t\t<a class=\"elementor-icon\" href=\"https:\/\/integrabcg.com\/sap\/comabsa\/\" target=\"_self\"><\/a>\n\t\t\t\t\t\t\t<\/div>\n\n\t\t\t\t\t\t\t\t\t\t\t\t\t\t\t\t\t\t<\/div>\n\t\t\t\t\t\t\t\t\t\t\t\t<div class=\"premium-blog-content-wrapper \">\n\n\t\t\t\t\t<div class=\"premium-blog-inner-container\">\n\n\t\t\t\t\t\t\t\t\t\t\t\t\t\t<h2 class=\"premium-blog-entry-title\">\n\t\t\t<a href=\"https:\/\/integrabcg.com\/sap\/comabsa\/\" target=\"_self\">\n\t\t\t\tCOMABSA\t\t\t<\/a>\n\t\t<\/h2>\n\t\t\t\t<div class=\"premium-blog-entry-meta\">\n\t\t\t\n\t\t\t\n\t\t\t\n\t\t\t\t\t<\/div>\n\t\t\n\t\t\t\t\t<\/div>\n\n\t\t\t\t\t\t\t<div class=\"premium-blog-content-inner-wrapper\">\n\t\t<p class=\"premium-blog-post-content\">Empresa de absorbentes que desde hace 25 a\u00f1os se dedica a la comercializaci\u00f3n y distribuci\u00f3n de productos de consumo masivo,<\/p><div class=\"premium-blog-excerpt-link-wrap\"><a href=\"https:\/\/integrabcg.com\/sap\/comabsa\/\" target=\"_self\" class=\"premium-blog-excerpt-link elementor-button\">Ver m\u00e1s \u00bb<\/a><\/div>\t\t<\/div>\n\t\t\t\t\t\t\t\n\t\t\t\t<\/div>\n\t\t\t<\/div>\n\t\t<\/div>\n\n\t\t\t\t<div class=\"premium-blog-post-outer-container\" data-total=\"2\">\n\t\t\t<div class=\"premium-blog-post-container premium-blog-skin-classic\">\n\t\t\t\t\t\t\t\t\t<div class=\"premium-blog-thumb-effect-wrapper\">\n\t\t\t\t\t\t<div class=\"premium-blog-thumbnail-container premium-blog-zoomin-effect\">\n\t\t\t\t\t\t\t<img decoding=\"async\" src=\"https:\/\/integrabcg.com\/sap\/wp-content\/uploads\/2020\/10\/oasis.png\" class=\"attachment-full size-full wp-image-533\" alt=\"\" \/>\t\t\t\t\t\t<\/div>\n\t\t\t\t\t\t\t\t\t\t\t\t\t<div class=\"premium-blog-thumbnail-overlay\">\n\t\t\t\t\t\t\t\t<a class=\"elementor-icon\" href=\"https:\/\/integrabcg.com\/sap\/supermercados-el-oasis\/\" target=\"_self\"><\/a>\n\t\t\t\t\t\t\t<\/div>\n\n\t\t\t\t\t\t\t\t\t\t\t\t\t\t\t\t\t\t<\/div>\n\t\t\t\t\t\t\t\t\t\t\t\t<div class=\"premium-blog-content-wrapper \">\n\n\t\t\t\t\t<div class=\"premium-blog-inner-container\">\n\n\t\t\t\t\t\t\t\t\t\t\t\t\t\t<h2 class=\"premium-blog-entry-title\">\n\t\t\t<a href=\"https:\/\/integrabcg.com\/sap\/supermercados-el-oasis\/\" target=\"_self\">\n\t\t\t\tSUPERMERCADOS EL OASIS\t\t\t<\/a>\n\t\t<\/h2>\n\t\t\t\t<div class=\"premium-blog-entry-meta\">\n\t\t\t\n\t\t\t\n\t\t\t\n\t\t\t\t\t<\/div>\n\t\t\n\t\t\t\t\t<\/div>\n\n\t\t\t\t\t\t\t<div class=\"premium-blog-content-inner-wrapper\">\n\t\t<p class=\"premium-blog-post-content\">Cadena de supermercados con 42 a\u00f1os en el mercado guatemalteco, se encuentran ubicados en el oriente del pa\u00eds. Actualmente cuentan<\/p><div class=\"premium-blog-excerpt-link-wrap\"><a href=\"https:\/\/integrabcg.com\/sap\/supermercados-el-oasis\/\" target=\"_self\" class=\"premium-blog-excerpt-link elementor-button\">Ver m\u00e1s \u00bb<\/a><\/div>\t\t<\/div>\n\t\t\t\t\t\t\t\n\t\t\t\t<\/div>\n\t\t\t<\/div>\n\t\t<\/div>\n\n\t\t\t\t<\/div>\n\n\t\t\t\t<div class=\"premium-blog-footer\">\n\t\t\t\t\t\t<nav class=\"premium-blog-pagination-container\" role=\"navigation\" aria-label=\"Pagination\">\n\t\t\t\t<span aria-current=\"page\" class=\"page-numbers current\">1<\/span>\n<a class=\"page-numbers\" href=\"https:\/\/integrabcg.com\/sap\/wp-json\/wp\/v2\/pages\/1698\/page\/2\/\">2<\/a>\n<a class=\"next page-numbers\" href=\"https:\/\/integrabcg.com\/sap\/wp-json\/wp\/v2\/pages\/1698\/page\/2\/\"> \u00bb<\/a>\t\t\t<\/nav>\n\t\t\t\t\t<\/div>\n\t\t\t\t\t\t\t<\/div>\n\t\t\t\t<\/div>\n\t\t\t\t\t<\/div>\n\t\t<\/div>\n\t\t\t\t\t<\/div>\n\t\t<\/section>\n\t\t\t\t<\/div>\n\t\t","protected":false},"excerpt":{"rendered":"<p>INDEX Empresa dedicada a la prestaci\u00f3n de servicios para gestiones de aduana a nivel nacional. Se han especializado en lo que Ver m\u00e1s \u00bb COMABSA Empresa de absorbentes que desde hace 25 a\u00f1os se dedica a la comercializaci\u00f3n y distribuci\u00f3n de productos de consumo masivo, Ver m\u00e1s \u00bb SUPERMERCADOS EL OASIS Cadena de supermercados con [&hellip;]<\/p>\n","protected":false},"author":6,"featured_media":0,"parent":0,"menu_order":0,"comment_status":"closed","ping_status":"closed","template":"","meta":{"_sitemap_exclude":false,"_sitemap_priority":"","_sitemap_frequency":"","footnotes":""},"class_list":["post-1698","page","type-page","status-publish","hentry"],"yoast_head":"<!-- This site is optimized with the Yoast SEO plugin v25.2 - https:\/\/yoast.com\/wordpress\/plugins\/seo\/ -->\n<title>Casos de \u00e9xito Integra SAP Business One<\/title>\n<meta name=\"description\" content=\"Descubre c\u00f3mo Integra ha ayudado a clientes a maximizar el potencial de la tecnolog\u00eda en sus procesos de negocio. Casos de \u00e9xito\" \/>\n<meta name=\"robots\" content=\"index, follow, max-snippet:-1, max-image-preview:large, max-video-preview:-1\" \/>\n<link rel=\"canonical\" href=\"https:\/\/integrabcg.com\/sap\/casos-de-exito-integra-sap-business\/\" \/>\n<meta property=\"og:locale\" content=\"es_ES\" \/>\n<meta property=\"og:type\" content=\"article\" \/>\n<meta property=\"og:title\" content=\"Casos de \u00e9xito Integra SAP Business One\" \/>\n<meta property=\"og:description\" content=\"Descubre c\u00f3mo Integra ha ayudado a clientes a maximizar el potencial de la tecnolog\u00eda en sus procesos de negocio. Casos de \u00e9xito\" \/>\n<meta property=\"og:url\" content=\"https:\/\/integrabcg.com\/sap\/casos-de-exito-integra-sap-business\/\" \/>\n<meta property=\"og:site_name\" content=\"Integra BCG\" \/>\n<meta property=\"article:modified_time\" content=\"2023-06-26T15:04:11+00:00\" \/>\n<meta property=\"og:image\" content=\"https:\/\/integrabcg.com\/sap\/wp-content\/uploads\/2020\/10\/INDEX.png\" \/>\n<meta name=\"twitter:card\" content=\"summary_large_image\" \/>\n<meta name=\"twitter:label1\" content=\"Est. reading time\" \/>\n\t<meta name=\"twitter:data1\" content=\"2 minutos\" \/>\n<script type=\"application\/ld+json\" class=\"yoast-schema-graph\">{\"@context\":\"https:\/\/schema.org\",\"@graph\":[{\"@type\":\"WebPage\",\"@id\":\"https:\/\/integrabcg.com\/sap\/casos-de-exito-integra-sap-business\/\",\"url\":\"https:\/\/integrabcg.com\/sap\/casos-de-exito-integra-sap-business\/\",\"name\":\"Casos de \u00e9xito Integra SAP Business One\",\"isPartOf\":{\"@id\":\"https:\/\/integrabcg.com\/sap\/#website\"},\"primaryImageOfPage\":{\"@id\":\"https:\/\/integrabcg.com\/sap\/casos-de-exito-integra-sap-business\/#primaryimage\"},\"image\":{\"@id\":\"https:\/\/integrabcg.com\/sap\/casos-de-exito-integra-sap-business\/#primaryimage\"},\"thumbnailUrl\":\"https:\/\/integrabcg.com\/sap\/wp-content\/uploads\/2020\/10\/INDEX.png\",\"datePublished\":\"2021-03-22T22:46:06+00:00\",\"dateModified\":\"2023-06-26T15:04:11+00:00\",\"description\":\"Descubre c\u00f3mo Integra ha ayudado a clientes a maximizar el potencial de la tecnolog\u00eda en sus procesos de negocio. Casos de \u00e9xito\",\"breadcrumb\":{\"@id\":\"https:\/\/integrabcg.com\/sap\/casos-de-exito-integra-sap-business\/#breadcrumb\"},\"inLanguage\":\"es\",\"potentialAction\":[{\"@type\":\"ReadAction\",\"target\":[\"https:\/\/integrabcg.com\/sap\/casos-de-exito-integra-sap-business\/\"]}]},{\"@type\":\"ImageObject\",\"inLanguage\":\"es\",\"@id\":\"https:\/\/integrabcg.com\/sap\/casos-de-exito-integra-sap-business\/#primaryimage\",\"url\":\"https:\/\/integrabcg.com\/sap\/wp-content\/uploads\/2020\/10\/INDEX.png\",\"contentUrl\":\"https:\/\/integrabcg.com\/sap\/wp-content\/uploads\/2020\/10\/INDEX.png\"},{\"@type\":\"BreadcrumbList\",\"@id\":\"https:\/\/integrabcg.com\/sap\/casos-de-exito-integra-sap-business\/#breadcrumb\",\"itemListElement\":[{\"@type\":\"ListItem\",\"position\":1,\"name\":\"Home\",\"item\":\"https:\/\/integrabcg.com\/sap\/\"},{\"@type\":\"ListItem\",\"position\":2,\"name\":\"Casos de \u00c9xito\"}]},{\"@type\":\"WebSite\",\"@id\":\"https:\/\/integrabcg.com\/sap\/#website\",\"url\":\"https:\/\/integrabcg.com\/sap\/\",\"name\":\"Integra BCG\",\"description\":\"Control y toma de decisiones para l\u00edderes empresariales\",\"potentialAction\":[{\"@type\":\"SearchAction\",\"target\":{\"@type\":\"EntryPoint\",\"urlTemplate\":\"https:\/\/integrabcg.com\/sap\/?s={search_term_string}\"},\"query-input\":{\"@type\":\"PropertyValueSpecification\",\"valueRequired\":true,\"valueName\":\"search_term_string\"}}],\"inLanguage\":\"es\"}]}<\/script>\n<!-- \/ Yoast SEO plugin. -->","yoast_head_json":{"title":"Casos de \u00e9xito Integra SAP Business One","description":"Descubre c\u00f3mo Integra ha ayudado a clientes a maximizar el potencial de la tecnolog\u00eda en sus procesos de negocio. Casos de \u00e9xito","robots":{"index":"index","follow":"follow","max-snippet":"max-snippet:-1","max-image-preview":"max-image-preview:large","max-video-preview":"max-video-preview:-1"},"canonical":"https:\/\/integrabcg.com\/sap\/casos-de-exito-integra-sap-business\/","og_locale":"es_ES","og_type":"article","og_title":"Casos de \u00e9xito Integra SAP Business One","og_description":"Descubre c\u00f3mo Integra ha ayudado a clientes a maximizar el potencial de la tecnolog\u00eda en sus procesos de negocio. Casos de \u00e9xito","og_url":"https:\/\/integrabcg.com\/sap\/casos-de-exito-integra-sap-business\/","og_site_name":"Integra BCG","article_modified_time":"2023-06-26T15:04:11+00:00","og_image":[{"url":"https:\/\/integrabcg.com\/sap\/wp-content\/uploads\/2020\/10\/INDEX.png","type":"","width":"","height":""}],"twitter_card":"summary_large_image","twitter_misc":{"Est. reading time":"2 minutos"},"schema":{"@context":"https:\/\/schema.org","@graph":[{"@type":"WebPage","@id":"https:\/\/integrabcg.com\/sap\/casos-de-exito-integra-sap-business\/","url":"https:\/\/integrabcg.com\/sap\/casos-de-exito-integra-sap-business\/","name":"Casos de \u00e9xito Integra SAP Business One","isPartOf":{"@id":"https:\/\/integrabcg.com\/sap\/#website"},"primaryImageOfPage":{"@id":"https:\/\/integrabcg.com\/sap\/casos-de-exito-integra-sap-business\/#primaryimage"},"image":{"@id":"https:\/\/integrabcg.com\/sap\/casos-de-exito-integra-sap-business\/#primaryimage"},"thumbnailUrl":"https:\/\/integrabcg.com\/sap\/wp-content\/uploads\/2020\/10\/INDEX.png","datePublished":"2021-03-22T22:46:06+00:00","dateModified":"2023-06-26T15:04:11+00:00","description":"Descubre c\u00f3mo Integra ha ayudado a clientes a maximizar el potencial de la tecnolog\u00eda en sus procesos de negocio. Casos de \u00e9xito","breadcrumb":{"@id":"https:\/\/integrabcg.com\/sap\/casos-de-exito-integra-sap-business\/#breadcrumb"},"inLanguage":"es","potentialAction":[{"@type":"ReadAction","target":["https:\/\/integrabcg.com\/sap\/casos-de-exito-integra-sap-business\/"]}]},{"@type":"ImageObject","inLanguage":"es","@id":"https:\/\/integrabcg.com\/sap\/casos-de-exito-integra-sap-business\/#primaryimage","url":"https:\/\/integrabcg.com\/sap\/wp-content\/uploads\/2020\/10\/INDEX.png","contentUrl":"https:\/\/integrabcg.com\/sap\/wp-content\/uploads\/2020\/10\/INDEX.png"},{"@type":"BreadcrumbList","@id":"https:\/\/integrabcg.com\/sap\/casos-de-exito-integra-sap-business\/#breadcrumb","itemListElement":[{"@type":"ListItem","position":1,"name":"Home","item":"https:\/\/integrabcg.com\/sap\/"},{"@type":"ListItem","position":2,"name":"Casos de \u00c9xito"}]},{"@type":"WebSite","@id":"https:\/\/integrabcg.com\/sap\/#website","url":"https:\/\/integrabcg.com\/sap\/","name":"Integra BCG","description":"Control y toma de decisiones para l\u00edderes empresariales","potentialAction":[{"@type":"SearchAction","target":{"@type":"EntryPoint","urlTemplate":"https:\/\/integrabcg.com\/sap\/?s={search_term_string}"},"query-input":{"@type":"PropertyValueSpecification","valueRequired":true,"valueName":"search_term_string"}}],"inLanguage":"es"}]}},"_links":{"self":[{"href":"https:\/\/integrabcg.com\/sap\/wp-json\/wp\/v2\/pages\/1698","targetHints":{"allow":["GET"]}}],"collection":[{"href":"https:\/\/integrabcg.com\/sap\/wp-json\/wp\/v2\/pages"}],"about":[{"href":"https:\/\/integrabcg.com\/sap\/wp-json\/wp\/v2\/types\/page"}],"author":[{"embeddable":true,"href":"https:\/\/integrabcg.com\/sap\/wp-json\/wp\/v2\/users\/6"}],"replies":[{"embeddable":true,"href":"https:\/\/integrabcg.com\/sap\/wp-json\/wp\/v2\/comments?post=1698"}],"version-history":[{"count":5,"href":"https:\/\/integrabcg.com\/sap\/wp-json\/wp\/v2\/pages\/1698\/revisions"}],"predecessor-version":[{"id":2836,"href":"https:\/\/integrabcg.com\/sap\/wp-json\/wp\/v2\/pages\/1698\/revisions\/2836"}],"wp:attachment":[{"href":"https:\/\/integrabcg.com\/sap\/wp-json\/wp\/v2\/media?parent=1698"}],"curies":[{"name":"wp","href":"https:\/\/api.w.org\/{rel}","templated":true}]}}