{"id":318,"date":"2020-02-14T21:27:55","date_gmt":"2020-02-14T21:27:55","guid":{"rendered":"https:\/\/newurl.com\/?page_id=318"},"modified":"2023-06-14T18:00:33","modified_gmt":"2023-06-15T00:00:33","slug":"politicas-de-privacidad","status":"publish","type":"page","link":"https:\/\/integrabcg.com\/sap\/politicas-de-privacidad\/","title":{"rendered":"POL\u00cdTICA DE PRIVACIDAD Y DE USO DE APLICACIONES MOVILES"},"content":{"rendered":"\n<p>La presente Pol\u00edtica de Privacidad establece los t\u00e9rminos en que\nINTEGRA protege la informaci\u00f3n que es proporcionada por los usuarios al momento\nde utilizar la aplicaci\u00f3n.<\/p>\n\n\n\n<p>Para una mejor experiencia con nuestro servicio, podemos\nsolicitarle cierta informaci\u00f3n personal, incluyendo el uso de la c\u00e1mara de su\ndispositivo.<\/p>\n\n\n\n<p>Esta aplicaci\u00f3n usa servicios de otras compa\u00f1\u00edas para recolectar\nla informaci\u00f3n que nos proporcionan.<\/p>\n\n\n\n<p><div class=\"row justify-content-center w-100\">\n<p class=\"mr-5\"><strong><a href=\"https:\/\/policies.google.com\/privacy\">Google Play Services<\/a><\/strong><\/p>\n<p><strong><a href=\"https:\/\/www.apple.com\/legal\/privacy\/\">Apple Privacy Services<\/a><\/strong><\/p>\n<\/div><\/p>\n\n\n\n<p><a href=\"https:\/\/integrabcg.com\/sap\/whatsapp-software-empresarial\/\">INTEGRA<\/a> est\u00e1 comprometida con la seguridad de los datos de los usuarios. Cuando le pedimos llenar los campos de informaci\u00f3n personal, con la cual usted puede ser identificado, lo hacemos asegurando que s\u00f3lo se emplear\u00e1 de acuerdo con los t\u00e9rminos de este documento. Sin embargo esta Pol\u00edtica de Privacidad puede cambiar con el tiempo o ser actualizada por lo que le recomendamos y enfatizamos revisar continuamente esta p\u00e1gina para asegurarse que est\u00e1 de acuerdo con dichos cambios.<\/p>\n\n\n\n<p><strong>Informaci\u00f3n que es recogida<\/strong><\/p>\n\n\n\n<p>Nuestro sitio web podr\u00e1 recoger informaci\u00f3n personal por ejemplo: Nombre, informaci\u00f3n de contacto, como\u00a0su direcci\u00f3n de correo electr\u00f3nico e informaci\u00f3n demogr\u00e1fica. As\u00ed mismo cuando sea necesario podr\u00e1 ser requerida informaci\u00f3n espec\u00edfica para procesar alg\u00fan pedido \u00f3 realizar una entrega \u00f3 facturaci\u00f3n.<\/p>\n\n\n\n<h2 class=\"wp-block-heading\"><strong>Uso de la informaci\u00f3n recogida<\/strong><\/h2>\n\n\n\n<p>Nuestro sitio web emplea la informaci\u00f3n con el fin de\nproporcionar el mejor servicio posible, particularmente para mantener un\nregistro de usuarios, de pedidos en caso que aplique, y mejorar nuestros\nproductos y servicios. &nbsp;Es posible que sean enviados correos electr\u00f3nicos\nperi\u00f3dicamente a trav\u00e9s de nuestro sitio con ofertas especiales, nuevos\nproductos y otra informaci\u00f3n publicitaria que consideremos relevante para usted\no que pueda brindarle alg\u00fan beneficio, estos correos electr\u00f3nicos ser\u00e1n\nenviados a la direcci\u00f3n que usted proporcione y podr\u00e1n ser cancelados en\ncualquier momento.<\/p>\n\n\n\n<p>INTEGRA est\u00e1 altamente comprometido para cumplir con el\ncompromiso de mantener su informaci\u00f3n segura. Usamos los sistemas m\u00e1s avanzados\ny los actualizamos constantemente para asegurarnos que no exista ning\u00fan acceso\nno autorizado.<\/p>\n\n\n\n<p><strong>Privacidad de los ni\u00f1os<\/strong><\/p>\n\n\n\n<p>Nuestros servicios no son directamente enfocados a los ni\u00f1os menores de 13 a\u00f1os. No colectamos de forma voluntaria los datos de ni\u00f1os de menos de 13 a\u00f1os. Si descubrimos que un ni\u00f1o de menos de 13 a\u00f1os cede su informaci\u00f3n personal a INTERA, borraremos esa informaci\u00f3n inmediatamente. Si usted es un padre o tutor de un ni\u00f1o que cedi\u00f3 su informaci\u00f3n personal a INTEGRA, por favor comuniquese con nosotros para que podamos actuar en consecuencia. <a href=\"mailto:atencionalcliente@integrabcg.com\">atencionalcliente@integrabcg.com<\/a><\/p>\n\n\n\n<p><strong>Cookies o Ficheros de Preferencias<\/strong><\/p>\n\n\n\n<p>Una cookie o User Preferences se refiere a un fichero que es\nenviado con la finalidad de solicitar permiso para almacenarse en su ordenador,\nsistema Android o Apple , al aceptar, dicho fichero se crea y el fichero sirve\nentonces para guardar sus preferencias, e informaci\u00f3n de registro, y tambi\u00e9n\nfacilita las futuras visitas a una web recurrente.<\/p>\n\n\n\n<p>Nuestras aplicaciones emplean esos ficheros para poder\nidentificar las p\u00e1ginas que son visitadas y su frecuencia. Esta informaci\u00f3n es\nempleada \u00fanicamente para an\u00e1lisis estad\u00edstico y despu\u00e9s la informaci\u00f3n se\nelimina de forma permanente. Estos no dan acceso a informaci\u00f3n de sus sistemas,\nni de usted, a menos de que usted as\u00ed lo quiera y la proporcione directamente.\nSi se declinan es posible que no pueda utilizar algunos de nuestros servicios.<\/p>\n\n\n\n<p><strong>Enlaces a Terceros<\/strong><\/p>\n\n\n\n<p>Esta aplicaci\u00f3n pudiera contener enlaces a otros sitios que\npudieran ser de su inter\u00e9s. Una vez que usted de clic en estos enlaces y\nabandone la aplicaci\u00f3n, ya no tenemos control sobre al sitio al que es\nredirigido y por lo tanto no somos responsables de los t\u00e9rminos o privacidad,\nni de la protecci\u00f3n de sus datos en otros sitios terceros. Dichos sitios est\u00e1n\nsujetos a sus propias pol\u00edticas de privacidad por lo cual es recomendable que\nlos consulte para confirmar que usted est\u00e1 de acuerdo con estas.<\/p>\n\n\n\n<p><strong>Control de su informaci\u00f3n personal<\/strong><\/p>\n\n\n\n<p>En cualquier momento usted puede restringir la recopilaci\u00f3n o el\nuso de la informaci\u00f3n personal que es proporcionada a la aplicaci\u00f3n.&nbsp; Cada\nvez que se le solicite rellenar un formulario, como el de alta de usuario,\npuede marcar o desmarcar la opci\u00f3n de recibir informaci\u00f3n por correo\nelectr\u00f3nico. &nbsp;En caso de que haya marcado la opci\u00f3n de recibir nuestro\nbolet\u00edn o publicidad usted puede cancelarla en cualquier momento.<\/p>\n\n\n\n<p><strong>Actualizaciones de la aplicaci\u00f3n m\u00f3vil<\/strong><\/p>\n\n\n\n<p>La Compa\u00f1\u00eda puede solicitar a los Usuarios que actualicen su\nversi\u00f3n de la Aplicaci\u00f3n M\u00f3vil en cualquier momento. Aunque se har\u00e1n todos los\nesfuerzos por conservar las configuraciones y preferencias personales de los\nUsuarios, seguir\u00e1 existiendo la posibilidad de que las mismas se pierdan.<\/p>\n\n\n\n<p>Esta compa\u00f1\u00eda no vender\u00e1, ceder\u00e1, ni distribuir\u00e1 la informaci\u00f3n\npersonal que es recopilada sin su consentimiento, salvo que sea requerido por\nun juez con una orden judicial.<\/p>\n\n\n\n<p>INTEGRA se reserva el derecho de cambiar los t\u00e9rminos de la\npresente Pol\u00edtica de Privacidad en cualquier momento.<\/p>\n","protected":false},"excerpt":{"rendered":"<p>La presente Pol\u00edtica de Privacidad establece los t\u00e9rminos en que INTEGRA protege la informaci\u00f3n que es proporcionada por los usuarios al momento de utilizar la aplicaci\u00f3n. Para una mejor experiencia con nuestro servicio, podemos solicitarle cierta informaci\u00f3n personal, incluyendo el uso de la c\u00e1mara de su dispositivo. Esta aplicaci\u00f3n usa servicios de otras compa\u00f1\u00edas para [&hellip;]<\/p>\n","protected":false},"author":1,"featured_media":0,"parent":0,"menu_order":0,"comment_status":"closed","ping_status":"closed","template":"","meta":{"_sitemap_exclude":false,"_sitemap_priority":"","_sitemap_frequency":"","footnotes":""},"class_list":["post-318","page","type-page","status-publish","hentry"],"yoast_head":"<!-- This site is optimized with the Yoast SEO plugin v25.2 - https:\/\/yoast.com\/wordpress\/plugins\/seo\/ -->\n<title>En Integra compartimos las pol\u00edticas de privacidad<\/title>\n<meta name=\"description\" content=\"Nuestras pol\u00edticas de privacidad establecen los t\u00e9rminos en que INTEGRA protege la informaci\u00f3n que es proporcionada por los usuarios\" \/>\n<meta name=\"robots\" content=\"index, follow, max-snippet:-1, max-image-preview:large, max-video-preview:-1\" \/>\n<link rel=\"canonical\" href=\"https:\/\/integrabcg.com\/sap\/politicas-de-privacidad\/\" \/>\n<meta property=\"og:locale\" content=\"es_ES\" \/>\n<meta property=\"og:type\" content=\"article\" \/>\n<meta property=\"og:title\" content=\"En Integra compartimos las pol\u00edticas de privacidad\" \/>\n<meta property=\"og:description\" content=\"Nuestras pol\u00edticas de privacidad establecen los t\u00e9rminos en que INTEGRA protege la informaci\u00f3n que es proporcionada por los usuarios\" \/>\n<meta property=\"og:url\" content=\"https:\/\/integrabcg.com\/sap\/politicas-de-privacidad\/\" \/>\n<meta property=\"og:site_name\" content=\"Integra BCG\" \/>\n<meta property=\"article:modified_time\" content=\"2023-06-15T00:00:33+00:00\" \/>\n<meta name=\"twitter:card\" content=\"summary_large_image\" \/>\n<meta name=\"twitter:label1\" content=\"Est. reading time\" \/>\n\t<meta name=\"twitter:data1\" content=\"4 minutos\" \/>\n<script type=\"application\/ld+json\" class=\"yoast-schema-graph\">{\"@context\":\"https:\/\/schema.org\",\"@graph\":[{\"@type\":\"WebPage\",\"@id\":\"https:\/\/integrabcg.com\/sap\/politicas-de-privacidad\/\",\"url\":\"https:\/\/integrabcg.com\/sap\/politicas-de-privacidad\/\",\"name\":\"En Integra compartimos las pol\u00edticas de privacidad\",\"isPartOf\":{\"@id\":\"https:\/\/integrabcg.com\/sap\/#website\"},\"datePublished\":\"2020-02-14T21:27:55+00:00\",\"dateModified\":\"2023-06-15T00:00:33+00:00\",\"description\":\"Nuestras pol\u00edticas de privacidad establecen los t\u00e9rminos en que INTEGRA protege la informaci\u00f3n que es proporcionada por los usuarios\",\"breadcrumb\":{\"@id\":\"https:\/\/integrabcg.com\/sap\/politicas-de-privacidad\/#breadcrumb\"},\"inLanguage\":\"es\",\"potentialAction\":[{\"@type\":\"ReadAction\",\"target\":[\"https:\/\/integrabcg.com\/sap\/politicas-de-privacidad\/\"]}]},{\"@type\":\"BreadcrumbList\",\"@id\":\"https:\/\/integrabcg.com\/sap\/politicas-de-privacidad\/#breadcrumb\",\"itemListElement\":[{\"@type\":\"ListItem\",\"position\":1,\"name\":\"Home\",\"item\":\"https:\/\/integrabcg.com\/sap\/\"},{\"@type\":\"ListItem\",\"position\":2,\"name\":\"POL\u00cdTICA DE PRIVACIDAD Y DE USO DE APLICACIONES MOVILES\"}]},{\"@type\":\"WebSite\",\"@id\":\"https:\/\/integrabcg.com\/sap\/#website\",\"url\":\"https:\/\/integrabcg.com\/sap\/\",\"name\":\"Integra BCG\",\"description\":\"Control y toma de decisiones para l\u00edderes empresariales\",\"potentialAction\":[{\"@type\":\"SearchAction\",\"target\":{\"@type\":\"EntryPoint\",\"urlTemplate\":\"https:\/\/integrabcg.com\/sap\/?s={search_term_string}\"},\"query-input\":{\"@type\":\"PropertyValueSpecification\",\"valueRequired\":true,\"valueName\":\"search_term_string\"}}],\"inLanguage\":\"es\"}]}<\/script>\n<!-- \/ Yoast SEO plugin. -->","yoast_head_json":{"title":"En Integra compartimos las pol\u00edticas de privacidad","description":"Nuestras pol\u00edticas de privacidad establecen los t\u00e9rminos en que INTEGRA protege la informaci\u00f3n que es proporcionada por los usuarios","robots":{"index":"index","follow":"follow","max-snippet":"max-snippet:-1","max-image-preview":"max-image-preview:large","max-video-preview":"max-video-preview:-1"},"canonical":"https:\/\/integrabcg.com\/sap\/politicas-de-privacidad\/","og_locale":"es_ES","og_type":"article","og_title":"En Integra compartimos las pol\u00edticas de privacidad","og_description":"Nuestras pol\u00edticas de privacidad establecen los t\u00e9rminos en que INTEGRA protege la informaci\u00f3n que es proporcionada por los usuarios","og_url":"https:\/\/integrabcg.com\/sap\/politicas-de-privacidad\/","og_site_name":"Integra BCG","article_modified_time":"2023-06-15T00:00:33+00:00","twitter_card":"summary_large_image","twitter_misc":{"Est. reading time":"4 minutos"},"schema":{"@context":"https:\/\/schema.org","@graph":[{"@type":"WebPage","@id":"https:\/\/integrabcg.com\/sap\/politicas-de-privacidad\/","url":"https:\/\/integrabcg.com\/sap\/politicas-de-privacidad\/","name":"En Integra compartimos las pol\u00edticas de privacidad","isPartOf":{"@id":"https:\/\/integrabcg.com\/sap\/#website"},"datePublished":"2020-02-14T21:27:55+00:00","dateModified":"2023-06-15T00:00:33+00:00","description":"Nuestras pol\u00edticas de privacidad establecen los t\u00e9rminos en que INTEGRA protege la informaci\u00f3n que es proporcionada por los usuarios","breadcrumb":{"@id":"https:\/\/integrabcg.com\/sap\/politicas-de-privacidad\/#breadcrumb"},"inLanguage":"es","potentialAction":[{"@type":"ReadAction","target":["https:\/\/integrabcg.com\/sap\/politicas-de-privacidad\/"]}]},{"@type":"BreadcrumbList","@id":"https:\/\/integrabcg.com\/sap\/politicas-de-privacidad\/#breadcrumb","itemListElement":[{"@type":"ListItem","position":1,"name":"Home","item":"https:\/\/integrabcg.com\/sap\/"},{"@type":"ListItem","position":2,"name":"POL\u00cdTICA DE PRIVACIDAD Y DE USO DE APLICACIONES MOVILES"}]},{"@type":"WebSite","@id":"https:\/\/integrabcg.com\/sap\/#website","url":"https:\/\/integrabcg.com\/sap\/","name":"Integra BCG","description":"Control y toma de decisiones para l\u00edderes empresariales","potentialAction":[{"@type":"SearchAction","target":{"@type":"EntryPoint","urlTemplate":"https:\/\/integrabcg.com\/sap\/?s={search_term_string}"},"query-input":{"@type":"PropertyValueSpecification","valueRequired":true,"valueName":"search_term_string"}}],"inLanguage":"es"}]}},"_links":{"self":[{"href":"https:\/\/integrabcg.com\/sap\/wp-json\/wp\/v2\/pages\/318","targetHints":{"allow":["GET"]}}],"collection":[{"href":"https:\/\/integrabcg.com\/sap\/wp-json\/wp\/v2\/pages"}],"about":[{"href":"https:\/\/integrabcg.com\/sap\/wp-json\/wp\/v2\/types\/page"}],"author":[{"embeddable":true,"href":"https:\/\/integrabcg.com\/sap\/wp-json\/wp\/v2\/users\/1"}],"replies":[{"embeddable":true,"href":"https:\/\/integrabcg.com\/sap\/wp-json\/wp\/v2\/comments?post=318"}],"version-history":[{"count":9,"href":"https:\/\/integrabcg.com\/sap\/wp-json\/wp\/v2\/pages\/318\/revisions"}],"predecessor-version":[{"id":2937,"href":"https:\/\/integrabcg.com\/sap\/wp-json\/wp\/v2\/pages\/318\/revisions\/2937"}],"wp:attachment":[{"href":"https:\/\/integrabcg.com\/sap\/wp-json\/wp\/v2\/media?parent=318"}],"curies":[{"name":"wp","href":"https:\/\/api.w.org\/{rel}","templated":true}]}}