{"id":92,"date":"2018-08-31T18:06:51","date_gmt":"2018-08-31T18:06:51","guid":{"rendered":"http:\/\/newurl.com?page_id=92"},"modified":"2024-05-08T14:15:45","modified_gmt":"2024-05-08T20:15:45","slug":"noticias-clientes-eventos-integra","status":"publish","type":"page","link":"https:\/\/integrabcg.com\/sap\/noticias-clientes-eventos-integra\/","title":{"rendered":"Noticias"},"content":{"rendered":"\t\t<div data-elementor-type=\"wp-page\" data-elementor-id=\"92\" class=\"elementor elementor-92\" data-elementor-settings=\"{&quot;ha_cmc_init_switcher&quot;:&quot;no&quot;}\" data-elementor-post-type=\"page\">\n\t\t\t\t\t\t<section class=\"elementor-section elementor-top-section elementor-element elementor-element-469a790 elementor-section-boxed elementor-section-height-default elementor-section-height-default\" data-id=\"469a790\" data-element_type=\"section\" data-settings=\"{&quot;_ha_eqh_enable&quot;:false}\">\n\t\t\t\t\t\t<div class=\"elementor-container elementor-column-gap-default\">\n\t\t\t\t\t<div class=\"elementor-column elementor-col-100 elementor-top-column elementor-element elementor-element-5a07059\" data-id=\"5a07059\" data-element_type=\"column\">\n\t\t\t<div class=\"elementor-widget-wrap elementor-element-populated\">\n\t\t\t\t\t\t<div class=\"elementor-element elementor-element-d058f2a premium-blog-align-left elementor-widget elementor-widget-premium-addon-blog\" data-id=\"d058f2a\" data-element_type=\"widget\" data-settings=\"{&quot;premium_blog_grid&quot;:&quot;yes&quot;,&quot;premium_blog_layout&quot;:&quot;even&quot;,&quot;premium_blog_columns_number&quot;:&quot;50%&quot;,&quot;premium_blog_columns_number_tablet&quot;:&quot;50%&quot;,&quot;premium_blog_columns_number_mobile&quot;:&quot;100%&quot;,&quot;scroll_to_offset&quot;:&quot;yes&quot;}\" data-widget_type=\"premium-addon-blog.default\">\n\t\t\t\t<div class=\"elementor-widget-container\">\n\t\t\t\t\t\n\t\t\t\t<div class=\"premium-blog-wrap  premium-blog-even\" data-page=\"92\" data-pagination=\"true\">\n\t\t\t\t\t<div class=\"premium-blog-post-outer-container\" data-total=\"9\">\n\t\t\t<div class=\"premium-blog-post-container premium-blog-skin-classic\">\n\t\t\t\t\t\t\t\t\t<div class=\"premium-blog-thumb-effect-wrapper\">\n\t\t\t\t\t\t<div class=\"premium-blog-thumbnail-container premium-blog-zoomin-effect\">\n\t\t\t\t\t\t\t<img fetchpriority=\"high\" decoding=\"async\" width=\"829\" height=\"480\" src=\"https:\/\/integrabcg.com\/sap\/wp-content\/uploads\/2025\/03\/Integra-SAP-Summit-2025.jpeg\" class=\"attachment-full size-full wp-image-3017\" alt=\"\" srcset=\"https:\/\/integrabcg.com\/sap\/wp-content\/uploads\/2025\/03\/Integra-SAP-Summit-2025.jpeg 829w, https:\/\/integrabcg.com\/sap\/wp-content\/uploads\/2025\/03\/Integra-SAP-Summit-2025-300x174.jpeg 300w, https:\/\/integrabcg.com\/sap\/wp-content\/uploads\/2025\/03\/Integra-SAP-Summit-2025-768x445.jpeg 768w\" sizes=\"(max-width: 829px) 100vw, 829px\" \/>\t\t\t\t\t\t<\/div>\n\t\t\t\t\t\t\t\t\t\t\t\t\t<div class=\"premium-blog-thumbnail-overlay\">\n\t\t\t\t\t\t\t\t<a class=\"elementor-icon\" href=\"https:\/\/integrabcg.com\/sap\/sap-partner-summits-for-midmarket\/\" target=\"_blank\"><\/a>\n\t\t\t\t\t\t\t<\/div>\n\n\t\t\t\t\t\t\t\t\t\t\t\t\t\t\t\t\t\t<\/div>\n\t\t\t\t\t\t\t\t\t\t\t\t<div class=\"premium-blog-content-wrapper \">\n\n\t\t\t\t\t<div class=\"premium-blog-inner-container\">\n\n\t\t\t\t\t\t\t\t\t\t\t\t\t\t<h2 class=\"premium-blog-entry-title\">\n\t\t\t<a href=\"https:\/\/integrabcg.com\/sap\/sap-partner-summits-for-midmarket\/\" target=\"_blank\">\n\t\t\t\tSAP Partner Summits for Midmarket\t\t\t<\/a>\n\t\t<\/h2>\n\t\t\t\t<div class=\"premium-blog-entry-meta\">\n\t\t\t\n\t\t\t\n\t\t\t\n\t\t\t\t\t<\/div>\n\t\t\n\t\t\t\t\t<\/div>\n\n\t\t\t\t\t\t\t<div class=\"premium-blog-content-inner-wrapper\">\n\t\t<p class=\"premium-blog-post-content\">Del 3 al 5 de marzo en Disney&#8217;s Coronado Springs Resort, Orlando Fl. se llev\u00f3 a cabo la Cumbre de<\/p><div class=\"premium-blog-excerpt-link-wrap\"><a href=\"https:\/\/integrabcg.com\/sap\/sap-partner-summits-for-midmarket\/\" target=\"_blank\" class=\"premium-blog-excerpt-link elementor-button\">Ver m\u00e1s \u00bb<\/a><\/div>\t\t<\/div>\n\t\t\t\t\t\t\t\n\t\t\t\t<\/div>\n\t\t\t<\/div>\n\t\t<\/div>\n\n\t\t\t\t<div class=\"premium-blog-post-outer-container\" data-total=\"9\">\n\t\t\t<div class=\"premium-blog-post-container premium-blog-skin-classic\">\n\t\t\t\t\t\t\t\t\t<div class=\"premium-blog-thumb-effect-wrapper\">\n\t\t\t\t\t\t<div class=\"premium-blog-thumbnail-container premium-blog-zoomin-effect\">\n\t\t\t\t\t\t\t<img decoding=\"async\" width=\"2560\" height=\"1920\" src=\"https:\/\/integrabcg.com\/sap\/wp-content\/uploads\/2025\/03\/Integra-y-Redecon-IT-2025-scaled.jpeg\" class=\"attachment-full size-full wp-image-3006\" alt=\"\" srcset=\"https:\/\/integrabcg.com\/sap\/wp-content\/uploads\/2025\/03\/Integra-y-Redecon-IT-2025-scaled.jpeg 2560w, https:\/\/integrabcg.com\/sap\/wp-content\/uploads\/2025\/03\/Integra-y-Redecon-IT-2025-300x225.jpeg 300w, https:\/\/integrabcg.com\/sap\/wp-content\/uploads\/2025\/03\/Integra-y-Redecon-IT-2025-1024x768.jpeg 1024w, https:\/\/integrabcg.com\/sap\/wp-content\/uploads\/2025\/03\/Integra-y-Redecon-IT-2025-768x576.jpeg 768w, https:\/\/integrabcg.com\/sap\/wp-content\/uploads\/2025\/03\/Integra-y-Redecon-IT-2025-1536x1152.jpeg 1536w, https:\/\/integrabcg.com\/sap\/wp-content\/uploads\/2025\/03\/Integra-y-Redecon-IT-2025-2048x1536.jpeg 2048w\" sizes=\"(max-width: 2560px) 100vw, 2560px\" \/>\t\t\t\t\t\t<\/div>\n\t\t\t\t\t\t\t\t\t\t\t\t\t<div class=\"premium-blog-thumbnail-overlay\">\n\t\t\t\t\t\t\t\t<a class=\"elementor-icon\" href=\"https:\/\/integrabcg.com\/sap\/innovation-technology-expocongreso-2025\/\" target=\"_blank\"><\/a>\n\t\t\t\t\t\t\t<\/div>\n\n\t\t\t\t\t\t\t\t\t\t\t\t\t\t\t\t\t\t<\/div>\n\t\t\t\t\t\t\t\t\t\t\t\t<div class=\"premium-blog-content-wrapper \">\n\n\t\t\t\t\t<div class=\"premium-blog-inner-container\">\n\n\t\t\t\t\t\t\t\t\t\t\t\t\t\t<h2 class=\"premium-blog-entry-title\">\n\t\t\t<a href=\"https:\/\/integrabcg.com\/sap\/innovation-technology-expocongreso-2025\/\" target=\"_blank\">\n\t\t\t\tINNOVATION &amp; TECHNOLOGY EXPOCONGRESO 2025\t\t\t<\/a>\n\t\t<\/h2>\n\t\t\t\t<div class=\"premium-blog-entry-meta\">\n\t\t\t\n\t\t\t\n\t\t\t\n\t\t\t\t\t<\/div>\n\t\t\n\t\t\t\t\t<\/div>\n\n\t\t\t\t\t\t\t<div class=\"premium-blog-content-inner-wrapper\">\n\t\t<p class=\"premium-blog-post-content\">El 27 de febrero 2025 desde las ocho horas, en el Hotel Westin Camino Real, se llevo\u0301 a cabo el<\/p><div class=\"premium-blog-excerpt-link-wrap\"><a href=\"https:\/\/integrabcg.com\/sap\/innovation-technology-expocongreso-2025\/\" target=\"_blank\" class=\"premium-blog-excerpt-link elementor-button\">Ver m\u00e1s \u00bb<\/a><\/div>\t\t<\/div>\n\t\t\t\t\t\t\t\n\t\t\t\t<\/div>\n\t\t\t<\/div>\n\t\t<\/div>\n\n\t\t\t\t<div class=\"premium-blog-post-outer-container\" data-total=\"9\">\n\t\t\t<div class=\"premium-blog-post-container premium-blog-skin-classic\">\n\t\t\t\t\t\t\t\t\t<div class=\"premium-blog-thumb-effect-wrapper\">\n\t\t\t\t\t\t<div class=\"premium-blog-thumbnail-container premium-blog-zoomin-effect\">\n\t\t\t\t\t\t\t<img decoding=\"async\" width=\"1162\" height=\"638\" src=\"https:\/\/integrabcg.com\/sap\/wp-content\/uploads\/2025\/03\/FMwxPbYXWoXL2j.jpg\" class=\"attachment-full size-full wp-image-2994\" alt=\"\" srcset=\"https:\/\/integrabcg.com\/sap\/wp-content\/uploads\/2025\/03\/FMwxPbYXWoXL2j.jpg 1162w, https:\/\/integrabcg.com\/sap\/wp-content\/uploads\/2025\/03\/FMwxPbYXWoXL2j-300x165.jpg 300w, https:\/\/integrabcg.com\/sap\/wp-content\/uploads\/2025\/03\/FMwxPbYXWoXL2j-1024x562.jpg 1024w, https:\/\/integrabcg.com\/sap\/wp-content\/uploads\/2025\/03\/FMwxPbYXWoXL2j-768x422.jpg 768w\" sizes=\"(max-width: 1162px) 100vw, 1162px\" \/>\t\t\t\t\t\t<\/div>\n\t\t\t\t\t\t\t\t\t\t\t\t\t<div class=\"premium-blog-thumbnail-overlay\">\n\t\t\t\t\t\t\t\t<a class=\"elementor-icon\" href=\"https:\/\/integrabcg.com\/sap\/nuevo-logo-misma-esencia\/\" target=\"_blank\"><\/a>\n\t\t\t\t\t\t\t<\/div>\n\n\t\t\t\t\t\t\t\t\t\t\t\t\t\t\t\t\t\t<\/div>\n\t\t\t\t\t\t\t\t\t\t\t\t<div class=\"premium-blog-content-wrapper \">\n\n\t\t\t\t\t<div class=\"premium-blog-inner-container\">\n\n\t\t\t\t\t\t\t\t\t\t\t\t\t\t<h2 class=\"premium-blog-entry-title\">\n\t\t\t<a href=\"https:\/\/integrabcg.com\/sap\/nuevo-logo-misma-esencia\/\" target=\"_blank\">\n\t\t\t\tNuevo logo, misma esencia\u2026\t\t\t<\/a>\n\t\t<\/h2>\n\t\t\t\t<div class=\"premium-blog-entry-meta\">\n\t\t\t\n\t\t\t\n\t\t\t\n\t\t\t\t\t<\/div>\n\t\t\n\t\t\t\t\t<\/div>\n\n\t\t\t\t\t\t\t<div class=\"premium-blog-content-inner-wrapper\">\n\t\t<p class=\"premium-blog-post-content\">Durante el primer d\u00eda del SAP Partner Summit for Midmarket 2025, realizado en Orlando Florida, SAP dio a conocer la<\/p><div class=\"premium-blog-excerpt-link-wrap\"><a href=\"https:\/\/integrabcg.com\/sap\/nuevo-logo-misma-esencia\/\" target=\"_blank\" class=\"premium-blog-excerpt-link elementor-button\">Ver m\u00e1s \u00bb<\/a><\/div>\t\t<\/div>\n\t\t\t\t\t\t\t\n\t\t\t\t<\/div>\n\t\t\t<\/div>\n\t\t<\/div>\n\n\t\t\t\t<div class=\"premium-blog-post-outer-container\" data-total=\"9\">\n\t\t\t<div class=\"premium-blog-post-container premium-blog-skin-classic\">\n\t\t\t\t\t\t\t\t\t<div class=\"premium-blog-thumb-effect-wrapper\">\n\t\t\t\t\t\t<div class=\"premium-blog-thumbnail-container premium-blog-zoomin-effect\">\n\t\t\t\t\t\t\t<img loading=\"lazy\" decoding=\"async\" width=\"2560\" height=\"1019\" src=\"https:\/\/integrabcg.com\/sap\/wp-content\/uploads\/2025\/02\/Image5-scaled.jpeg\" class=\"attachment-full size-full wp-image-2989\" alt=\"\" srcset=\"https:\/\/integrabcg.com\/sap\/wp-content\/uploads\/2025\/02\/Image5-scaled.jpeg 2560w, https:\/\/integrabcg.com\/sap\/wp-content\/uploads\/2025\/02\/Image5-300x119.jpeg 300w, https:\/\/integrabcg.com\/sap\/wp-content\/uploads\/2025\/02\/Image5-1024x408.jpeg 1024w, https:\/\/integrabcg.com\/sap\/wp-content\/uploads\/2025\/02\/Image5-768x306.jpeg 768w, https:\/\/integrabcg.com\/sap\/wp-content\/uploads\/2025\/02\/Image5-1536x612.jpeg 1536w, https:\/\/integrabcg.com\/sap\/wp-content\/uploads\/2025\/02\/Image5-2048x815.jpeg 2048w\" sizes=\"(max-width: 2560px) 100vw, 2560px\" \/>\t\t\t\t\t\t<\/div>\n\t\t\t\t\t\t\t\t\t\t\t\t\t<div class=\"premium-blog-thumbnail-overlay\">\n\t\t\t\t\t\t\t\t<a class=\"elementor-icon\" href=\"https:\/\/integrabcg.com\/sap\/una-potente-solucion-para-las-empresas\/\" target=\"_blank\"><\/a>\n\t\t\t\t\t\t\t<\/div>\n\n\t\t\t\t\t\t\t\t\t\t\t\t\t\t\t\t\t\t<\/div>\n\t\t\t\t\t\t\t\t\t\t\t\t<div class=\"premium-blog-content-wrapper \">\n\n\t\t\t\t\t<div class=\"premium-blog-inner-container\">\n\n\t\t\t\t\t\t\t\t\t\t\t\t\t\t<h2 class=\"premium-blog-entry-title\">\n\t\t\t<a href=\"https:\/\/integrabcg.com\/sap\/una-potente-solucion-para-las-empresas\/\" target=\"_blank\">\n\t\t\t\tUna potente soluci\u00f3n para las Empresas\t\t\t<\/a>\n\t\t<\/h2>\n\t\t\t\t<div class=\"premium-blog-entry-meta\">\n\t\t\t\n\t\t\t\n\t\t\t\n\t\t\t\t\t<\/div>\n\t\t\n\t\t\t\t\t<\/div>\n\n\t\t\t\t\t\t\t<div class=\"premium-blog-content-inner-wrapper\">\n\t\t<p class=\"premium-blog-post-content\">Una Potente Soluci\u00f3n para las Empresas  | SAP Business One en la Nube e Inteligencia Artificial<\/p><div class=\"premium-blog-excerpt-link-wrap\"><a href=\"https:\/\/integrabcg.com\/sap\/una-potente-solucion-para-las-empresas\/\" target=\"_blank\" class=\"premium-blog-excerpt-link elementor-button\">Ver m\u00e1s \u00bb<\/a><\/div>\t\t<\/div>\n\t\t\t\t\t\t\t\n\t\t\t\t<\/div>\n\t\t\t<\/div>\n\t\t<\/div>\n\n\t\t\t\t<div class=\"premium-blog-post-outer-container\" data-total=\"9\">\n\t\t\t<div class=\"premium-blog-post-container premium-blog-skin-classic\">\n\t\t\t\t\t\t\t\t\t<div class=\"premium-blog-thumb-effect-wrapper\">\n\t\t\t\t\t\t<div class=\"premium-blog-thumbnail-container premium-blog-zoomin-effect\">\n\t\t\t\t\t\t\t<img loading=\"lazy\" decoding=\"async\" width=\"1280\" height=\"960\" src=\"https:\/\/integrabcg.com\/sap\/wp-content\/uploads\/2024\/05\/INTEGRA-CIG-IT-2024_.jpeg\" class=\"attachment-full size-full wp-image-2982\" alt=\"\" srcset=\"https:\/\/integrabcg.com\/sap\/wp-content\/uploads\/2024\/05\/INTEGRA-CIG-IT-2024_.jpeg 1280w, https:\/\/integrabcg.com\/sap\/wp-content\/uploads\/2024\/05\/INTEGRA-CIG-IT-2024_-300x225.jpeg 300w, https:\/\/integrabcg.com\/sap\/wp-content\/uploads\/2024\/05\/INTEGRA-CIG-IT-2024_-1024x768.jpeg 1024w, https:\/\/integrabcg.com\/sap\/wp-content\/uploads\/2024\/05\/INTEGRA-CIG-IT-2024_-768x576.jpeg 768w\" sizes=\"(max-width: 1280px) 100vw, 1280px\" \/>\t\t\t\t\t\t<\/div>\n\t\t\t\t\t\t\t\t\t\t\t\t\t<div class=\"premium-blog-thumbnail-overlay\">\n\t\t\t\t\t\t\t\t<a class=\"elementor-icon\" href=\"https:\/\/integrabcg.com\/sap\/innovation-technology-expo-congreso-2024\/\" target=\"_blank\"><\/a>\n\t\t\t\t\t\t\t<\/div>\n\n\t\t\t\t\t\t\t\t\t\t\t\t\t\t\t\t\t\t<\/div>\n\t\t\t\t\t\t\t\t\t\t\t\t<div class=\"premium-blog-content-wrapper \">\n\n\t\t\t\t\t<div class=\"premium-blog-inner-container\">\n\n\t\t\t\t\t\t\t\t\t\t\t\t\t\t<h2 class=\"premium-blog-entry-title\">\n\t\t\t<a href=\"https:\/\/integrabcg.com\/sap\/innovation-technology-expo-congreso-2024\/\" target=\"_blank\">\n\t\t\t\tINNOVATION &amp;TECHNOLOGY EXPO CONGRESO 2024\t\t\t<\/a>\n\t\t<\/h2>\n\t\t\t\t<div class=\"premium-blog-entry-meta\">\n\t\t\t\n\t\t\t\n\t\t\t\n\t\t\t\t\t<\/div>\n\t\t\n\t\t\t\t\t<\/div>\n\n\t\t\t\t\t\t\t<div class=\"premium-blog-content-inner-wrapper\">\n\t\t<p class=\"premium-blog-post-content\">Andrea Saravia quien es parte de nuestro Grupo BCG y Presidente de la Gremial de Tecnolog\u00eda e Innovaci\u00f3n inaugur\u00f3 el<\/p><div class=\"premium-blog-excerpt-link-wrap\"><a href=\"https:\/\/integrabcg.com\/sap\/innovation-technology-expo-congreso-2024\/\" target=\"_blank\" class=\"premium-blog-excerpt-link elementor-button\">Ver m\u00e1s \u00bb<\/a><\/div>\t\t<\/div>\n\t\t\t\t\t\t\t\n\t\t\t\t<\/div>\n\t\t\t<\/div>\n\t\t<\/div>\n\n\t\t\t\t<div class=\"premium-blog-post-outer-container\" data-total=\"9\">\n\t\t\t<div class=\"premium-blog-post-container premium-blog-skin-classic\">\n\t\t\t\t\t\t\t\t\t<div class=\"premium-blog-thumb-effect-wrapper\">\n\t\t\t\t\t\t<div class=\"premium-blog-thumbnail-container premium-blog-zoomin-effect\">\n\t\t\t\t\t\t\t<img loading=\"lazy\" decoding=\"async\" width=\"1200\" height=\"700\" src=\"https:\/\/integrabcg.com\/sap\/wp-content\/uploads\/2024\/05\/SAP-Partner-Summit-2024_0.jpg\" class=\"attachment-full size-full wp-image-2960\" alt=\"\" srcset=\"https:\/\/integrabcg.com\/sap\/wp-content\/uploads\/2024\/05\/SAP-Partner-Summit-2024_0.jpg 1200w, https:\/\/integrabcg.com\/sap\/wp-content\/uploads\/2024\/05\/SAP-Partner-Summit-2024_0-300x175.jpg 300w, https:\/\/integrabcg.com\/sap\/wp-content\/uploads\/2024\/05\/SAP-Partner-Summit-2024_0-1024x597.jpg 1024w, https:\/\/integrabcg.com\/sap\/wp-content\/uploads\/2024\/05\/SAP-Partner-Summit-2024_0-768x448.jpg 768w\" sizes=\"(max-width: 1200px) 100vw, 1200px\" \/>\t\t\t\t\t\t<\/div>\n\t\t\t\t\t\t\t\t\t\t\t\t\t<div class=\"premium-blog-thumbnail-overlay\">\n\t\t\t\t\t\t\t\t<a class=\"elementor-icon\" href=\"https:\/\/integrabcg.com\/sap\/sap-partner-summit-for-sme-2024\/\" target=\"_blank\"><\/a>\n\t\t\t\t\t\t\t<\/div>\n\n\t\t\t\t\t\t\t\t\t\t\t\t\t\t\t\t\t\t<\/div>\n\t\t\t\t\t\t\t\t\t\t\t\t<div class=\"premium-blog-content-wrapper \">\n\n\t\t\t\t\t<div class=\"premium-blog-inner-container\">\n\n\t\t\t\t\t\t\t\t\t\t\t\t\t\t<h2 class=\"premium-blog-entry-title\">\n\t\t\t<a href=\"https:\/\/integrabcg.com\/sap\/sap-partner-summit-for-sme-2024\/\" target=\"_blank\">\n\t\t\t\tSAP Partner Summit for SME 2024\t\t\t<\/a>\n\t\t<\/h2>\n\t\t\t\t<div class=\"premium-blog-entry-meta\">\n\t\t\t\n\t\t\t\n\t\t\t\n\t\t\t\t\t<\/div>\n\t\t\n\t\t\t\t\t<\/div>\n\n\t\t\t\t\t\t\t<div class=\"premium-blog-content-inner-wrapper\">\n\t\t<p class=\"premium-blog-post-content\">Del 10 al 12 de abril, nuestro equipo de Guatemala y El Salvador particip\u00f3 en el SAP Partner Summit for<\/p><div class=\"premium-blog-excerpt-link-wrap\"><a href=\"https:\/\/integrabcg.com\/sap\/sap-partner-summit-for-sme-2024\/\" target=\"_blank\" class=\"premium-blog-excerpt-link elementor-button\">Ver m\u00e1s \u00bb<\/a><\/div>\t\t<\/div>\n\t\t\t\t\t\t\t\n\t\t\t\t<\/div>\n\t\t\t<\/div>\n\t\t<\/div>\n\n\t\t\t\t<\/div>\n\n\t\t\t\t<div class=\"premium-blog-footer\">\n\t\t\t\t\t\t<nav class=\"premium-blog-pagination-container\" role=\"navigation\" aria-label=\"Pagination\">\n\t\t\t\t<span aria-current=\"page\" class=\"page-numbers current\">1<\/span>\n<a class=\"page-numbers\" href=\"https:\/\/integrabcg.com\/sap\/wp-json\/wp\/v2\/pages\/92\/page\/2\/\">2<\/a>\n<a class=\"page-numbers\" href=\"https:\/\/integrabcg.com\/sap\/wp-json\/wp\/v2\/pages\/92\/page\/3\/\">3<\/a>\n<span class=\"page-numbers dots\">&hellip;<\/span>\n<a class=\"page-numbers\" href=\"https:\/\/integrabcg.com\/sap\/wp-json\/wp\/v2\/pages\/92\/page\/9\/\">9<\/a>\n<a class=\"next page-numbers\" href=\"https:\/\/integrabcg.com\/sap\/wp-json\/wp\/v2\/pages\/92\/page\/2\/\"> \u00bb<\/a>\t\t\t<\/nav>\n\t\t\t\t\t<\/div>\n\t\t\t\t\t\t\t<\/div>\n\t\t\t\t<\/div>\n\t\t\t\t\t<\/div>\n\t\t<\/div>\n\t\t\t\t\t<\/div>\n\t\t<\/section>\n\t\t\t\t<\/div>\n\t\t","protected":false},"excerpt":{"rendered":"<p>Innovation &#038; Technology Expotech 2023 Innovation &#038; Technology Expotech 2023 Un espacio para la transformaci\u00f3n de la econom\u00eda digital, se llev\u00f3 a cabo el jueves 23 de febrero en el Ver m\u00e1s \u00bb EXPOTECH 2022 EXPOTECH 2022 El 27 de junio en el Campus TEC, de la zona 4, se llev\u00f3 a cabo el ExpoTech [&hellip;]<\/p>\n","protected":false},"author":1,"featured_media":0,"parent":0,"menu_order":0,"comment_status":"closed","ping_status":"closed","template":"","meta":{"_sitemap_exclude":false,"_sitemap_priority":"","_sitemap_frequency":"","footnotes":""},"class_list":["post-92","page","type-page","status-publish","hentry"],"yoast_head":"<!-- This site is optimized with the Yoast SEO plugin v25.2 - https:\/\/yoast.com\/wordpress\/plugins\/seo\/ -->\n<title>Noticias de nuestros clientes y eventos Integra<\/title>\n<meta name=\"description\" content=\"Reciba las noticias de Integra integrabcg.com con toda la informaci\u00f3n del sector de los productos de Integra.\" \/>\n<meta name=\"robots\" content=\"index, follow, max-snippet:-1, max-image-preview:large, max-video-preview:-1\" \/>\n<link rel=\"canonical\" href=\"https:\/\/integrabcg.com\/sap\/noticias-clientes-eventos-integra\/\" \/>\n<meta property=\"og:locale\" content=\"es_ES\" \/>\n<meta property=\"og:type\" content=\"article\" \/>\n<meta property=\"og:title\" content=\"Noticias de nuestros clientes y eventos Integra\" \/>\n<meta property=\"og:description\" content=\"Reciba las noticias de Integra integrabcg.com con toda la informaci\u00f3n del sector de los productos de Integra.\" \/>\n<meta property=\"og:url\" content=\"https:\/\/integrabcg.com\/sap\/noticias-clientes-eventos-integra\/\" \/>\n<meta property=\"og:site_name\" content=\"Integra BCG\" \/>\n<meta property=\"article:modified_time\" content=\"2024-05-08T20:15:45+00:00\" \/>\n<meta property=\"og:image\" content=\"https:\/\/integrabcg.com\/sap\/wp-content\/uploads\/2023\/03\/Equipo-Integra-InnovationTech-23.jpg\" \/>\n<meta name=\"twitter:card\" content=\"summary_large_image\" \/>\n<meta name=\"twitter:label1\" content=\"Est. reading time\" \/>\n\t<meta name=\"twitter:data1\" content=\"3 minutos\" \/>\n<script type=\"application\/ld+json\" class=\"yoast-schema-graph\">{\"@context\":\"https:\/\/schema.org\",\"@graph\":[{\"@type\":\"WebPage\",\"@id\":\"https:\/\/integrabcg.com\/sap\/noticias-clientes-eventos-integra\/\",\"url\":\"https:\/\/integrabcg.com\/sap\/noticias-clientes-eventos-integra\/\",\"name\":\"Noticias de nuestros clientes y eventos Integra\",\"isPartOf\":{\"@id\":\"https:\/\/integrabcg.com\/sap\/#website\"},\"primaryImageOfPage\":{\"@id\":\"https:\/\/integrabcg.com\/sap\/noticias-clientes-eventos-integra\/#primaryimage\"},\"image\":{\"@id\":\"https:\/\/integrabcg.com\/sap\/noticias-clientes-eventos-integra\/#primaryimage\"},\"thumbnailUrl\":\"https:\/\/integrabcg.com\/sap\/wp-content\/uploads\/2023\/03\/Equipo-Integra-InnovationTech-23.jpg\",\"datePublished\":\"2018-08-31T18:06:51+00:00\",\"dateModified\":\"2024-05-08T20:15:45+00:00\",\"description\":\"Reciba las noticias de Integra integrabcg.com con toda la informaci\u00f3n del sector de los productos de Integra.\",\"breadcrumb\":{\"@id\":\"https:\/\/integrabcg.com\/sap\/noticias-clientes-eventos-integra\/#breadcrumb\"},\"inLanguage\":\"es\",\"potentialAction\":[{\"@type\":\"ReadAction\",\"target\":[\"https:\/\/integrabcg.com\/sap\/noticias-clientes-eventos-integra\/\"]}]},{\"@type\":\"ImageObject\",\"inLanguage\":\"es\",\"@id\":\"https:\/\/integrabcg.com\/sap\/noticias-clientes-eventos-integra\/#primaryimage\",\"url\":\"https:\/\/integrabcg.com\/sap\/wp-content\/uploads\/2023\/03\/Equipo-Integra-InnovationTech-23.jpg\",\"contentUrl\":\"https:\/\/integrabcg.com\/sap\/wp-content\/uploads\/2023\/03\/Equipo-Integra-InnovationTech-23.jpg\",\"width\":1080,\"height\":1080},{\"@type\":\"BreadcrumbList\",\"@id\":\"https:\/\/integrabcg.com\/sap\/noticias-clientes-eventos-integra\/#breadcrumb\",\"itemListElement\":[{\"@type\":\"ListItem\",\"position\":1,\"name\":\"Home\",\"item\":\"https:\/\/integrabcg.com\/sap\/\"},{\"@type\":\"ListItem\",\"position\":2,\"name\":\"Noticias\"}]},{\"@type\":\"WebSite\",\"@id\":\"https:\/\/integrabcg.com\/sap\/#website\",\"url\":\"https:\/\/integrabcg.com\/sap\/\",\"name\":\"Integra BCG\",\"description\":\"Control y toma de decisiones para l\u00edderes empresariales\",\"potentialAction\":[{\"@type\":\"SearchAction\",\"target\":{\"@type\":\"EntryPoint\",\"urlTemplate\":\"https:\/\/integrabcg.com\/sap\/?s={search_term_string}\"},\"query-input\":{\"@type\":\"PropertyValueSpecification\",\"valueRequired\":true,\"valueName\":\"search_term_string\"}}],\"inLanguage\":\"es\"}]}<\/script>\n<!-- \/ Yoast SEO plugin. -->","yoast_head_json":{"title":"Noticias de nuestros clientes y eventos Integra","description":"Reciba las noticias de Integra integrabcg.com con toda la informaci\u00f3n del sector de los productos de Integra.","robots":{"index":"index","follow":"follow","max-snippet":"max-snippet:-1","max-image-preview":"max-image-preview:large","max-video-preview":"max-video-preview:-1"},"canonical":"https:\/\/integrabcg.com\/sap\/noticias-clientes-eventos-integra\/","og_locale":"es_ES","og_type":"article","og_title":"Noticias de nuestros clientes y eventos Integra","og_description":"Reciba las noticias de Integra integrabcg.com con toda la informaci\u00f3n del sector de los productos de Integra.","og_url":"https:\/\/integrabcg.com\/sap\/noticias-clientes-eventos-integra\/","og_site_name":"Integra BCG","article_modified_time":"2024-05-08T20:15:45+00:00","og_image":[{"url":"https:\/\/integrabcg.com\/sap\/wp-content\/uploads\/2023\/03\/Equipo-Integra-InnovationTech-23.jpg","type":"","width":"","height":""}],"twitter_card":"summary_large_image","twitter_misc":{"Est. reading time":"3 minutos"},"schema":{"@context":"https:\/\/schema.org","@graph":[{"@type":"WebPage","@id":"https:\/\/integrabcg.com\/sap\/noticias-clientes-eventos-integra\/","url":"https:\/\/integrabcg.com\/sap\/noticias-clientes-eventos-integra\/","name":"Noticias de nuestros clientes y eventos Integra","isPartOf":{"@id":"https:\/\/integrabcg.com\/sap\/#website"},"primaryImageOfPage":{"@id":"https:\/\/integrabcg.com\/sap\/noticias-clientes-eventos-integra\/#primaryimage"},"image":{"@id":"https:\/\/integrabcg.com\/sap\/noticias-clientes-eventos-integra\/#primaryimage"},"thumbnailUrl":"https:\/\/integrabcg.com\/sap\/wp-content\/uploads\/2023\/03\/Equipo-Integra-InnovationTech-23.jpg","datePublished":"2018-08-31T18:06:51+00:00","dateModified":"2024-05-08T20:15:45+00:00","description":"Reciba las noticias de Integra integrabcg.com con toda la informaci\u00f3n del sector de los productos de Integra.","breadcrumb":{"@id":"https:\/\/integrabcg.com\/sap\/noticias-clientes-eventos-integra\/#breadcrumb"},"inLanguage":"es","potentialAction":[{"@type":"ReadAction","target":["https:\/\/integrabcg.com\/sap\/noticias-clientes-eventos-integra\/"]}]},{"@type":"ImageObject","inLanguage":"es","@id":"https:\/\/integrabcg.com\/sap\/noticias-clientes-eventos-integra\/#primaryimage","url":"https:\/\/integrabcg.com\/sap\/wp-content\/uploads\/2023\/03\/Equipo-Integra-InnovationTech-23.jpg","contentUrl":"https:\/\/integrabcg.com\/sap\/wp-content\/uploads\/2023\/03\/Equipo-Integra-InnovationTech-23.jpg","width":1080,"height":1080},{"@type":"BreadcrumbList","@id":"https:\/\/integrabcg.com\/sap\/noticias-clientes-eventos-integra\/#breadcrumb","itemListElement":[{"@type":"ListItem","position":1,"name":"Home","item":"https:\/\/integrabcg.com\/sap\/"},{"@type":"ListItem","position":2,"name":"Noticias"}]},{"@type":"WebSite","@id":"https:\/\/integrabcg.com\/sap\/#website","url":"https:\/\/integrabcg.com\/sap\/","name":"Integra BCG","description":"Control y toma de decisiones para l\u00edderes empresariales","potentialAction":[{"@type":"SearchAction","target":{"@type":"EntryPoint","urlTemplate":"https:\/\/integrabcg.com\/sap\/?s={search_term_string}"},"query-input":{"@type":"PropertyValueSpecification","valueRequired":true,"valueName":"search_term_string"}}],"inLanguage":"es"}]}},"_links":{"self":[{"href":"https:\/\/integrabcg.com\/sap\/wp-json\/wp\/v2\/pages\/92","targetHints":{"allow":["GET"]}}],"collection":[{"href":"https:\/\/integrabcg.com\/sap\/wp-json\/wp\/v2\/pages"}],"about":[{"href":"https:\/\/integrabcg.com\/sap\/wp-json\/wp\/v2\/types\/page"}],"author":[{"embeddable":true,"href":"https:\/\/integrabcg.com\/sap\/wp-json\/wp\/v2\/users\/1"}],"replies":[{"embeddable":true,"href":"https:\/\/integrabcg.com\/sap\/wp-json\/wp\/v2\/comments?post=92"}],"version-history":[{"count":24,"href":"https:\/\/integrabcg.com\/sap\/wp-json\/wp\/v2\/pages\/92\/revisions"}],"predecessor-version":[{"id":2954,"href":"https:\/\/integrabcg.com\/sap\/wp-json\/wp\/v2\/pages\/92\/revisions\/2954"}],"wp:attachment":[{"href":"https:\/\/integrabcg.com\/sap\/wp-json\/wp\/v2\/media?parent=92"}],"curies":[{"name":"wp","href":"https:\/\/api.w.org\/{rel}","templated":true}]}}